{"id":77,"date":"2023-04-25T07:54:12","date_gmt":"2023-04-25T05:54:12","guid":{"rendered":"http:\/\/azeliacrochet.com\/?post_type=product&#038;p=77"},"modified":"2024-08-26T19:28:40","modified_gmt":"2024-08-26T17:28:40","slug":"crochet-pattern-cheep-cheep-super-mario-bros-pdf-file-francais-anglais","status":"publish","type":"product","link":"https:\/\/azeliacrochet.com\/en\/product\/crochet-pattern-cheep-cheep-super-mario-bros-pdf-file-francais-anglais\/","title":{"rendered":"CROCHET PATTERN - Cheep Cheep Super Mario bros - PDF file- English, French"},"content":{"rendered":"<p>Patron d&rsquo;amigurumi au crochet &#8211; Cheep Cheep Super Mario bros<\/p>\n<p>\/!\\ This is a downloadable pdf file, not the finished product \/!\\. It will be ready to download immediately after payment. Refer to the details of your order to download it.<\/p>\n<p>This is a 6 pages PDF file with lots of pictures and tricks to help you create your own amigurumi step by step. It is available in english (with US terms) and French.<\/p>\n<p>Crochet level : This pattern is perfect for advanced beginners.<\/p>\n<p>The finished amigurumi should measure approximately 7 cm (2.8 in). I use a 2.5mm hook with Catona yarn from Scheepjes. This size may vary depending on the yarn and crochet you use.<\/p>\n<p>Vous aurez \u00e9galement besoin de ciseaux, de feutrine noire et blanche, d&rsquo;une aiguille \u00e0 tapisserie, d&rsquo;\u00e9pingles, de colle et de ouate de rembourrage.<\/p>\n<p>This pattern is for personal use only. It is strictly forbidden to re-sale, distribute, translate or copy this pattern.<\/p>\n<p>Please let me know if you have any questions about this pattern, or if you need any help.<\/p>","protected":false},"excerpt":{"rendered":"<p>Patron d&rsquo;amigurumi au crochet &#8211; Cheep Cheep Super Mario bros<\/p>","protected":false},"featured_media":100,"comment_status":"open","ping_status":"closed","template":"","meta":[],"product_brand":[],"product_cat":[17,19],"product_tag":[],"class_list":{"0":"post-77","1":"product","2":"type-product","3":"status-publish","4":"has-post-thumbnail","6":"product_cat-patrons","7":"product_cat-patternmario","8":"entry","10":"first","11":"instock","12":"downloadable","13":"virtual","14":"sold-individually","15":"taxable","16":"purchasable","17":"product-type-simple"},"jetpack_sharing_enabled":true,"_links":{"self":[{"href":"https:\/\/azeliacrochet.com\/en\/wp-json\/wp\/v2\/product\/77","targetHints":{"allow":["GET"]}}],"collection":[{"href":"https:\/\/azeliacrochet.com\/en\/wp-json\/wp\/v2\/product"}],"about":[{"href":"https:\/\/azeliacrochet.com\/en\/wp-json\/wp\/v2\/types\/product"}],"replies":[{"embeddable":true,"href":"https:\/\/azeliacrochet.com\/en\/wp-json\/wp\/v2\/comments?post=77"}],"wp:featuredmedia":[{"embeddable":true,"href":"https:\/\/azeliacrochet.com\/en\/wp-json\/wp\/v2\/media\/100"}],"wp:attachment":[{"href":"https:\/\/azeliacrochet.com\/en\/wp-json\/wp\/v2\/media?parent=77"}],"wp:term":[{"taxonomy":"product_brand","embeddable":true,"href":"https:\/\/azeliacrochet.com\/en\/wp-json\/wp\/v2\/product_brand?post=77"},{"taxonomy":"product_cat","embeddable":true,"href":"https:\/\/azeliacrochet.com\/en\/wp-json\/wp\/v2\/product_cat?post=77"},{"taxonomy":"product_tag","embeddable":true,"href":"https:\/\/azeliacrochet.com\/en\/wp-json\/wp\/v2\/product_tag?post=77"}],"curies":[{"name":"wp","href":"https:\/\/api.w.org\/{rel}","templated":true}]}}