{"id":346,"date":"2023-05-12T13:28:53","date_gmt":"2023-05-12T11:28:53","guid":{"rendered":"https:\/\/azeliacrochet.com\/?post_type=product&#038;p=346"},"modified":"2025-11-25T00:03:12","modified_gmt":"2025-11-24T23:03:12","slug":"crochet-pattern-link-cartoon-zelda-the-windwaker-pdf-file-francais-anglais","status":"publish","type":"product","link":"https:\/\/azeliacrochet.com\/en\/product\/crochet-pattern-link-cartoon-zelda-the-windwaker-pdf-file-francais-anglais\/","title":{"rendered":"CROCHET PATTERN - Link Cartoon, Zelda the Windwaker - PDF file - English, French"},"content":{"rendered":"<div>Patron d&rsquo;amigurumi au crochet &#8211; Link cartoon, Zelda the Windwaker<\/div>\n<div><\/div>\n<div>\/!\\ This is a downloadable pdf file, not the finished product \/!\\. It will be ready to download immediately after payment. Refer to the details of your order to download it.<\/div>\n<div><\/div>\n<div>This is a 6 pages PDF file with lots of pictures and tricks to help you create your own amigurumi step by step. It is available in english (with US terms) and French.<\/div>\n<div><\/div>\n<div>Niveau de crochet : Vous devez \u00eatre \u00e0 l&rsquo;aise avec les points de base du crochet. Niveau interm\u00e9diaire.<\/div>\n<div><\/div>\n<div>The finished amigurumi should measure approximately 30 cm (about 12 in). I use a 4,5 mm crochet hook and Paintbox Yarn Simply Chunky :<\/div>\n<div><\/div>\n<div>-\tElephant Grey (61)<\/div>\n<div>-\tTaupe (75)<\/div>\n<div>-\tSailor Blue (339)<\/div>\n<div>-\tBallet Pink (352)<\/div>\n<div>-\tCoffee Bean (310)<\/div>\n<div>-\tLime Green (328)<\/div>\n<div>-\tGrass Green (329)<\/div>\n<div>-\tDaffodil Yellow (321)<\/div>\n<div>-\tMustard Yellow (323)<\/div>\n<div>-\tPure Black (301)<\/div>\n<div><\/div>\n<div>This size may vary depending on the yarn and crochet you use.<\/div>\n<div><\/div>\n<div>Vous aurez \u00e9galement besoin de ciseaux, de feutrine blanche et noire, de colle, d&rsquo;une aiguille \u00e0 tapisserie, d&rsquo;\u00e9pingles et de ouate de rembourrage.<\/div>\n<div><\/div>\n<div>This pattern is for personal use only. It is strictly forbidden to re-sale, distribute, translate or copy this pattern.<\/div>\n<div><\/div>\n<div>Please let me know if you have any questions about this pattern, or if you need any help.<\/div>","protected":false},"excerpt":{"rendered":"<p>Patron d&rsquo;amigurumi au crochet &#8211; Link cartoon, Zelda the Windwaker<\/p>","protected":false},"featured_media":357,"comment_status":"open","ping_status":"closed","template":"","meta":[],"product_brand":[],"product_cat":[17,21],"product_tag":[],"class_list":{"0":"post-346","1":"product","2":"type-product","3":"status-publish","4":"has-post-thumbnail","6":"product_cat-patrons","7":"product_cat-patternother","8":"entry","10":"first","11":"instock","12":"downloadable","13":"virtual","14":"sold-individually","15":"taxable","16":"purchasable","17":"product-type-simple"},"jetpack_sharing_enabled":true,"_links":{"self":[{"href":"https:\/\/azeliacrochet.com\/en\/wp-json\/wp\/v2\/product\/346","targetHints":{"allow":["GET"]}}],"collection":[{"href":"https:\/\/azeliacrochet.com\/en\/wp-json\/wp\/v2\/product"}],"about":[{"href":"https:\/\/azeliacrochet.com\/en\/wp-json\/wp\/v2\/types\/product"}],"replies":[{"embeddable":true,"href":"https:\/\/azeliacrochet.com\/en\/wp-json\/wp\/v2\/comments?post=346"}],"wp:featuredmedia":[{"embeddable":true,"href":"https:\/\/azeliacrochet.com\/en\/wp-json\/wp\/v2\/media\/357"}],"wp:attachment":[{"href":"https:\/\/azeliacrochet.com\/en\/wp-json\/wp\/v2\/media?parent=346"}],"wp:term":[{"taxonomy":"product_brand","embeddable":true,"href":"https:\/\/azeliacrochet.com\/en\/wp-json\/wp\/v2\/product_brand?post=346"},{"taxonomy":"product_cat","embeddable":true,"href":"https:\/\/azeliacrochet.com\/en\/wp-json\/wp\/v2\/product_cat?post=346"},{"taxonomy":"product_tag","embeddable":true,"href":"https:\/\/azeliacrochet.com\/en\/wp-json\/wp\/v2\/product_tag?post=346"}],"curies":[{"name":"wp","href":"https:\/\/api.w.org\/{rel}","templated":true}]}}