{"id":339,"date":"2023-05-12T13:11:33","date_gmt":"2023-05-12T11:11:33","guid":{"rendered":"https:\/\/azeliacrochet.com\/?post_type=product&#038;p=339"},"modified":"2025-11-25T00:05:26","modified_gmt":"2025-11-24T23:05:26","slug":"crochet-pattern-luci-le-demon-amigurumi-desenchantee-pdf-file-francais-anglais","status":"publish","type":"product","link":"https:\/\/azeliacrochet.com\/en\/product\/crochet-pattern-luci-le-demon-amigurumi-desenchantee-pdf-file-francais-anglais\/","title":{"rendered":"CROCHET PATTERN - Luci the demon amigurumi Disenchantment - PDF file - English, French"},"content":{"rendered":"<p>Patron d&rsquo;amigurumi au crochet &#8211; Luci le d\u00e9mon D\u00e9senchant\u00e9e<\/p>\n<p>\/!\\ This is a downloadable pdf file, not the finished product \/!\\. It will be ready to download immediately after payment. Refer to the details of your order to download it.<\/p>\n<p>This is a 6 pages PDF file with lots of pictures and tricks to help you create your own amigurumi step by step. It is available in english (with US terms) and French.<\/p>\n<p>Niveau de crochet : Vous devez \u00eatre \u00e0 l&rsquo;aise avec les points de base du crochet. Convient aux d\u00e9butants.<\/p>\n<p>The finished amigurumi should measure approximately 48 cm (about 19 in). I use a 3,5 mm crochet hook and Himalaya Dolphin Baby in black (80311) (2 balls) and white (80301) (less than 1 ball). This size may vary depending on the yarn and crochet you use.<\/p>\n<p>Vous aurez \u00e9galement besoin de ciseaux, de colle, d&rsquo;une aiguille \u00e0 tapisserie, d&rsquo;\u00e9pingles, de ouate de rembourrage et de fil de fer (optionnel)<\/p>\n<p>This pattern is for personal use only. It is strictly forbidden to re-sale, distribute, translate or copy this pattern.<\/p>\n<p>Please let me know if you have any questions about this pattern, or if you need any help.<\/p>","protected":false},"excerpt":{"rendered":"<p>Patron d&rsquo;amigurumi au crochet &#8211; Luci le d\u00e9mon D\u00e9senchant\u00e9e<\/p>","protected":false},"featured_media":345,"comment_status":"open","ping_status":"closed","template":"","meta":[],"product_brand":[],"product_cat":[17,21],"product_tag":[],"class_list":{"0":"post-339","1":"product","2":"type-product","3":"status-publish","4":"has-post-thumbnail","6":"product_cat-patrons","7":"product_cat-patternother","8":"entry","10":"first","11":"instock","12":"downloadable","13":"virtual","14":"sold-individually","15":"taxable","16":"purchasable","17":"product-type-simple"},"jetpack_sharing_enabled":true,"_links":{"self":[{"href":"https:\/\/azeliacrochet.com\/en\/wp-json\/wp\/v2\/product\/339","targetHints":{"allow":["GET"]}}],"collection":[{"href":"https:\/\/azeliacrochet.com\/en\/wp-json\/wp\/v2\/product"}],"about":[{"href":"https:\/\/azeliacrochet.com\/en\/wp-json\/wp\/v2\/types\/product"}],"replies":[{"embeddable":true,"href":"https:\/\/azeliacrochet.com\/en\/wp-json\/wp\/v2\/comments?post=339"}],"wp:featuredmedia":[{"embeddable":true,"href":"https:\/\/azeliacrochet.com\/en\/wp-json\/wp\/v2\/media\/345"}],"wp:attachment":[{"href":"https:\/\/azeliacrochet.com\/en\/wp-json\/wp\/v2\/media?parent=339"}],"wp:term":[{"taxonomy":"product_brand","embeddable":true,"href":"https:\/\/azeliacrochet.com\/en\/wp-json\/wp\/v2\/product_brand?post=339"},{"taxonomy":"product_cat","embeddable":true,"href":"https:\/\/azeliacrochet.com\/en\/wp-json\/wp\/v2\/product_cat?post=339"},{"taxonomy":"product_tag","embeddable":true,"href":"https:\/\/azeliacrochet.com\/en\/wp-json\/wp\/v2\/product_tag?post=339"}],"curies":[{"name":"wp","href":"https:\/\/api.w.org\/{rel}","templated":true}]}}