{"id":31,"date":"2023-04-24T17:05:35","date_gmt":"2023-04-24T15:05:35","guid":{"rendered":"http:\/\/azeliacrochet.com\/?post_type=product&#038;p=31"},"modified":"2024-08-26T19:28:26","modified_gmt":"2024-08-26T17:28:26","slug":"crochet-pattern-pikachu-amigurumi-pdf-file-francais-anglais","status":"publish","type":"product","link":"https:\/\/azeliacrochet.com\/en\/product\/crochet-pattern-pikachu-amigurumi-pdf-file-francais-anglais\/","title":{"rendered":"CROCHET PATTERN &#8211; Pikachu Amigurumi &#8211; PDF file &#8211; Fran\u00e7ais, Anglais"},"content":{"rendered":"<p>Patron d&rsquo;amigurumi au crochet &#8211; Pikachu<\/p>\n<p>\/!\\ This is a downloadable pdf file, not the finished product \/!\\. It will be ready to download immediately after payment. Refer to the details of your order to download it.<\/p>\n<p>This is a 6 pages PDF file with lots of pictures and tricks to help you create your own amigurumi step by step. It is available in english (with US terms) and French.<\/p>\n<p>Niveau de crochet : Vous devez \u00eatre \u00e0 l&rsquo;aise avec les points de base du crochet. Convient aux d\u00e9butants.<\/p>\n<p>Cet amigurumi une fois termin\u00e9 mesure environ 36 cm. J&rsquo;ai utilis\u00e9 un crochet 6mm et 2.5mm et diff\u00e9rents types de fils. La taille peut varier en fonction du type de fil et du crochet utilis\u00e9.<\/p>\n<p>Vous aurez \u00e9galement besoin de feutrine noire, de yeux de s\u00e9curit\u00e9 de 25mm, de colle, d&rsquo;une aiguille \u00e0 tapisserie, d&rsquo;\u00e9pingles, de ouate de rembourrage et de fil de fer.<\/p>\n<p>This pattern is for personal use only. It is strictly forbidden to re-sale, distribute, translate or copy this pattern.<br \/>\nPlease let me know if you have any questions about this pattern, or if you need any help.<\/p>","protected":false},"excerpt":{"rendered":"<p>Patron d&rsquo;amigurumi au crochet &#8211; Pikachu Pok\u00e9mon<\/p>","protected":false},"featured_media":99,"comment_status":"open","ping_status":"closed","template":"","meta":[],"product_brand":[],"product_cat":[17,20],"product_tag":[],"class_list":{"0":"post-31","1":"product","2":"type-product","3":"status-publish","4":"has-post-thumbnail","6":"product_cat-patrons","7":"product_cat-patternpokemon","8":"entry","10":"first","11":"instock","12":"downloadable","13":"virtual","14":"sold-individually","15":"taxable","16":"purchasable","17":"product-type-simple"},"jetpack_sharing_enabled":true,"_links":{"self":[{"href":"https:\/\/azeliacrochet.com\/en\/wp-json\/wp\/v2\/product\/31","targetHints":{"allow":["GET"]}}],"collection":[{"href":"https:\/\/azeliacrochet.com\/en\/wp-json\/wp\/v2\/product"}],"about":[{"href":"https:\/\/azeliacrochet.com\/en\/wp-json\/wp\/v2\/types\/product"}],"replies":[{"embeddable":true,"href":"https:\/\/azeliacrochet.com\/en\/wp-json\/wp\/v2\/comments?post=31"}],"wp:featuredmedia":[{"embeddable":true,"href":"https:\/\/azeliacrochet.com\/en\/wp-json\/wp\/v2\/media\/99"}],"wp:attachment":[{"href":"https:\/\/azeliacrochet.com\/en\/wp-json\/wp\/v2\/media?parent=31"}],"wp:term":[{"taxonomy":"product_brand","embeddable":true,"href":"https:\/\/azeliacrochet.com\/en\/wp-json\/wp\/v2\/product_brand?post=31"},{"taxonomy":"product_cat","embeddable":true,"href":"https:\/\/azeliacrochet.com\/en\/wp-json\/wp\/v2\/product_cat?post=31"},{"taxonomy":"product_tag","embeddable":true,"href":"https:\/\/azeliacrochet.com\/en\/wp-json\/wp\/v2\/product_tag?post=31"}],"curies":[{"name":"wp","href":"https:\/\/api.w.org\/{rel}","templated":true}]}}