{"id":240,"date":"2023-04-30T09:08:59","date_gmt":"2023-04-30T07:08:59","guid":{"rendered":"https:\/\/azeliacrochet.com\/?post_type=product&#038;p=240"},"modified":"2024-08-26T19:25:45","modified_gmt":"2024-08-26T17:25:45","slug":"crochet-pattern-salameche-amigurumi-pokemon-pdf-file-francais-anglais","status":"publish","type":"product","link":"https:\/\/azeliacrochet.com\/en\/product\/crochet-pattern-salameche-amigurumi-pokemon-pdf-file-francais-anglais\/","title":{"rendered":"CROCHET PATTERN &#8211; Salam\u00e8che amigurumi Pokemon &#8211; PDF file &#8211; Fran\u00e7ais, Anglais"},"content":{"rendered":"<p>Patron d&rsquo;amigurumi au crochet &#8211; Salam\u00e8che Pok\u00e9mon<\/p>\n<p>\/!\\ This is a downloadable pdf file, not the finished product \/!\\. It will be ready to download immediately after payment. Refer to the details of your order to download it.<\/p>\n<p>This is a 6 pages PDF file with lots of pictures and tricks to help you create your own amigurumi step by step. It is available in english (with US terms) and French.<\/p>\n<p>Niveau de crochet : Vous devez \u00eatre \u00e0 l&rsquo;aise avec les points de base du crochet. Convient aux d\u00e9butants confirm\u00e9s.<\/p>\n<p>Cet amigurumi une fois termin\u00e9 mesure environ 45 cm. J&rsquo;ai utilis\u00e9 un crochet de 6 et 2.5mm et du fil \u00ab\u00a0Baby Snuggle\u00a0\u00bb et \u00ab\u00a0Rainbow cotton 8\/4\u00a0\u00bb de chez Hobbii. La taille peut varier en fonction du type de fil et du crochet utilis\u00e9.<\/p>\n<p>Vous aurez \u00e9galement besoin de ciseaux, de feutrine noire, blanche et bleue, de colle, d&rsquo;une aiguille \u00e0 tapisserie, d&rsquo;une aiguille \u00e0 feutrer, de laine card\u00e9e rouge et jaune, d&rsquo;\u00e9pingles et de ouate de rembourrage.<\/p>\n<p>This pattern is for personal use only. It is strictly forbidden to re-sale, distribute, translate or copy this pattern.<\/p>\n<p>Please let me know if you have any questions about this pattern, or if you need any help.<\/p>","protected":false},"excerpt":{"rendered":"<p>Patron d&rsquo;amigurumi au crochet &#8211; Salam\u00e8che Pok\u00e9mon<\/p>","protected":false},"featured_media":248,"comment_status":"open","ping_status":"closed","template":"","meta":[],"product_brand":[],"product_cat":[17,20],"product_tag":[],"class_list":{"0":"post-240","1":"product","2":"type-product","3":"status-publish","4":"has-post-thumbnail","6":"product_cat-patrons","7":"product_cat-patternpokemon","8":"entry","10":"first","11":"instock","12":"downloadable","13":"virtual","14":"sold-individually","15":"taxable","16":"purchasable","17":"product-type-simple"},"jetpack_sharing_enabled":true,"_links":{"self":[{"href":"https:\/\/azeliacrochet.com\/en\/wp-json\/wp\/v2\/product\/240","targetHints":{"allow":["GET"]}}],"collection":[{"href":"https:\/\/azeliacrochet.com\/en\/wp-json\/wp\/v2\/product"}],"about":[{"href":"https:\/\/azeliacrochet.com\/en\/wp-json\/wp\/v2\/types\/product"}],"replies":[{"embeddable":true,"href":"https:\/\/azeliacrochet.com\/en\/wp-json\/wp\/v2\/comments?post=240"}],"wp:featuredmedia":[{"embeddable":true,"href":"https:\/\/azeliacrochet.com\/en\/wp-json\/wp\/v2\/media\/248"}],"wp:attachment":[{"href":"https:\/\/azeliacrochet.com\/en\/wp-json\/wp\/v2\/media?parent=240"}],"wp:term":[{"taxonomy":"product_brand","embeddable":true,"href":"https:\/\/azeliacrochet.com\/en\/wp-json\/wp\/v2\/product_brand?post=240"},{"taxonomy":"product_cat","embeddable":true,"href":"https:\/\/azeliacrochet.com\/en\/wp-json\/wp\/v2\/product_cat?post=240"},{"taxonomy":"product_tag","embeddable":true,"href":"https:\/\/azeliacrochet.com\/en\/wp-json\/wp\/v2\/product_tag?post=240"}],"curies":[{"name":"wp","href":"https:\/\/api.w.org\/{rel}","templated":true}]}}