{"id":183,"date":"2023-04-27T13:58:45","date_gmt":"2023-04-27T11:58:45","guid":{"rendered":"https:\/\/azeliacrochet.com\/?post_type=product&#038;p=183"},"modified":"2024-08-26T19:26:15","modified_gmt":"2024-08-26T17:26:15","slug":"crochet-pattern-bundle-goomba-mario-bros-champignons-pdf-file-francais-anglais","status":"publish","type":"product","link":"https:\/\/azeliacrochet.com\/en\/product\/crochet-pattern-bundle-goomba-mario-bros-champignons-pdf-file-francais-anglais\/","title":{"rendered":"CROCHET PATTERN BUNDLE &#8211; Goomba &#038; Mario bros champignons &#8211; Pdf file &#8211; Fran\u00e7ais, Anglais"},"content":{"rendered":"<p>Patron d&rsquo;amigurumi au crochet &#8211; Goomba &amp; Mario bros champignons<\/p>\n<p>\/!\\ This is a downloadable pdf file, not the finished product \/!\\. It will be ready to download immediately after payment. Refer to the details of your order to download it.<\/p>\n<p>Mario bros Champignons :<\/p>\n<p>This is a 6 pages PDF file with lots of pictures and tricks to help you create your own amigurumi step by step. It is available in english (with US terms) and French.<\/p>\n<p>Crochet level : This pattern is perfect for beginners.<\/p>\n<p>The finished amigurumi should measure approximately 6 cm (about 2.4 inches). I use a 2.5mm hook with Rainbow cotton 8\/4 yarn from Hobbii. This size may vary depending on the yarn and crochet you use.<\/p>\n<p>Vous aurez \u00e9galement besoin de ciseaux, d&rsquo;une aiguille \u00e0 tapisserie, d&rsquo;une aiguille \u00e0 broder, d&rsquo;\u00e9pingles, et de ouate de rembourrage.<\/p>\n<p>Goomba :<\/p>\n<p>This is a 6 pages PDF file with lots of pictures and tricks to help you create your own amigurumi step by step. It is available in english (with US terms) and French.<\/p>\n<p>Crochet level : This pattern is perfect for beginners.<\/p>\n<p>The finished amigurumi should measure approximately 7 cm (2.8 in). I use a 2.5mm hook with Catona yarn from Scheepjes. This size may vary depending on the yarn and crochet you use.<\/p>\n<p>Vous aurez \u00e9galement besoin de ciseaux, d&rsquo;une aiguille \u00e0 tapisserie, d&rsquo;une aiguille \u00e0 broder, d&rsquo;\u00e9pingles, de colle, de feutrine noire et blanche, et de ouate de rembourrage.<\/p>\n<p>These patterns are for personal use only. It is strictly forbidden to resell, distribute, translate or copy these patterns.<\/p>\n<p>Please let me know if you have any questions about this pattern, or if you need any help.<\/p>","protected":false},"excerpt":{"rendered":"<p>Patron d&rsquo;amigurumi au crochet &#8211; Goomba &amp; Mario bros champignons<\/p>","protected":false},"featured_media":196,"comment_status":"open","ping_status":"closed","template":"","meta":[],"product_brand":[],"product_cat":[17,19,18],"product_tag":[],"class_list":{"0":"post-183","1":"product","2":"type-product","3":"status-publish","4":"has-post-thumbnail","6":"product_cat-patrons","7":"product_cat-patternmario","8":"product_cat-patternbundles","9":"entry","11":"first","12":"instock","13":"downloadable","14":"virtual","15":"sold-individually","16":"taxable","17":"purchasable","18":"product-type-simple"},"jetpack_sharing_enabled":true,"_links":{"self":[{"href":"https:\/\/azeliacrochet.com\/en\/wp-json\/wp\/v2\/product\/183","targetHints":{"allow":["GET"]}}],"collection":[{"href":"https:\/\/azeliacrochet.com\/en\/wp-json\/wp\/v2\/product"}],"about":[{"href":"https:\/\/azeliacrochet.com\/en\/wp-json\/wp\/v2\/types\/product"}],"replies":[{"embeddable":true,"href":"https:\/\/azeliacrochet.com\/en\/wp-json\/wp\/v2\/comments?post=183"}],"wp:featuredmedia":[{"embeddable":true,"href":"https:\/\/azeliacrochet.com\/en\/wp-json\/wp\/v2\/media\/196"}],"wp:attachment":[{"href":"https:\/\/azeliacrochet.com\/en\/wp-json\/wp\/v2\/media?parent=183"}],"wp:term":[{"taxonomy":"product_brand","embeddable":true,"href":"https:\/\/azeliacrochet.com\/en\/wp-json\/wp\/v2\/product_brand?post=183"},{"taxonomy":"product_cat","embeddable":true,"href":"https:\/\/azeliacrochet.com\/en\/wp-json\/wp\/v2\/product_cat?post=183"},{"taxonomy":"product_tag","embeddable":true,"href":"https:\/\/azeliacrochet.com\/en\/wp-json\/wp\/v2\/product_tag?post=183"}],"curies":[{"name":"wp","href":"https:\/\/api.w.org\/{rel}","templated":true}]}}