{"id":174,"date":"2023-04-27T13:45:18","date_gmt":"2023-04-27T11:45:18","guid":{"rendered":"https:\/\/azeliacrochet.com\/?post_type=product&#038;p=174"},"modified":"2024-08-26T19:26:21","modified_gmt":"2024-08-26T17:26:21","slug":"crochet-pattern-mario-bros-champignons-power-ups-pdf-file-francais-anglais","status":"publish","type":"product","link":"https:\/\/azeliacrochet.com\/en\/product\/crochet-pattern-mario-bros-champignons-power-ups-pdf-file-francais-anglais\/","title":{"rendered":"CROCHET PATTERN - Mario bros mushrooms - Power ups - PDF file - Fran\u00e7ais, Anglais"},"content":{"rendered":"<p>Patron d&rsquo;amigurumi au crochet &#8211; Mario bros champignons<\/p>\n<p>\/!\\ This is a downloadable pdf file, not the finished product \/!\\. It will be ready to download immediately after payment. Refer to the details of your order to download it.<\/p>\n<p>This is a 6 pages PDF file with lots of pictures and tricks to help you create your own amigurumi step by step. It is available in english (with US terms) and French.<\/p>\n<p>Crochet level : This pattern is perfect for beginners.<\/p>\n<p>The finished amigurumi should measure approximately 6 cm (about 2.4 inches). I use a 2.5mm hook with Rainbow cotton 8\/4 yarn from Hobbii. This size may vary depending on the yarn and crochet you use.<\/p>\n<p>Vous aurez \u00e9galement besoin de ciseaux, d&rsquo;une aiguille \u00e0 tapisserie, d&rsquo;une aiguille \u00e0 broder, d&rsquo;\u00e9pingles, et de ouate de rembourrage.<\/p>\n<p>This pattern is for personal use only. It is strictly forbidden to re-sale, distribute, translate or copy this pattern.<\/p>\n<p>Please let me know if you have any questions about this pattern, or if you need any help.<\/p>","protected":false},"excerpt":{"rendered":"<p>Patron d&rsquo;amigurumi au crochet &#8211; Mario bros champignons &#8211; Power ups<\/p>","protected":false},"featured_media":180,"comment_status":"open","ping_status":"closed","template":"","meta":[],"product_brand":[],"product_cat":[17,19],"product_tag":[],"class_list":{"0":"post-174","1":"product","2":"type-product","3":"status-publish","4":"has-post-thumbnail","6":"product_cat-patrons","7":"product_cat-patternmario","8":"entry","10":"first","11":"instock","12":"downloadable","13":"virtual","14":"sold-individually","15":"taxable","16":"purchasable","17":"product-type-simple"},"jetpack_sharing_enabled":true,"_links":{"self":[{"href":"https:\/\/azeliacrochet.com\/en\/wp-json\/wp\/v2\/product\/174","targetHints":{"allow":["GET"]}}],"collection":[{"href":"https:\/\/azeliacrochet.com\/en\/wp-json\/wp\/v2\/product"}],"about":[{"href":"https:\/\/azeliacrochet.com\/en\/wp-json\/wp\/v2\/types\/product"}],"replies":[{"embeddable":true,"href":"https:\/\/azeliacrochet.com\/en\/wp-json\/wp\/v2\/comments?post=174"}],"wp:featuredmedia":[{"embeddable":true,"href":"https:\/\/azeliacrochet.com\/en\/wp-json\/wp\/v2\/media\/180"}],"wp:attachment":[{"href":"https:\/\/azeliacrochet.com\/en\/wp-json\/wp\/v2\/media?parent=174"}],"wp:term":[{"taxonomy":"product_brand","embeddable":true,"href":"https:\/\/azeliacrochet.com\/en\/wp-json\/wp\/v2\/product_brand?post=174"},{"taxonomy":"product_cat","embeddable":true,"href":"https:\/\/azeliacrochet.com\/en\/wp-json\/wp\/v2\/product_cat?post=174"},{"taxonomy":"product_tag","embeddable":true,"href":"https:\/\/azeliacrochet.com\/en\/wp-json\/wp\/v2\/product_tag?post=174"}],"curies":[{"name":"wp","href":"https:\/\/api.w.org\/{rel}","templated":true}]}}