{"id":135,"date":"2023-04-25T15:47:04","date_gmt":"2023-04-25T13:47:04","guid":{"rendered":"http:\/\/azeliacrochet.com\/?post_type=product&#038;p=135"},"modified":"2024-08-26T19:26:51","modified_gmt":"2024-08-26T17:26:51","slug":"crochet-pattern-bundle-toad-et-toadette-super-mario-bros-pdf-file-francais-anglais","status":"publish","type":"product","link":"https:\/\/azeliacrochet.com\/en\/product\/crochet-pattern-bundle-toad-et-toadette-super-mario-bros-pdf-file-francais-anglais\/","title":{"rendered":"CROCHET PATTERN BUNDLE &#8211; Toad et Toadette Super Mario bros &#8211; Pdf file &#8211; Fran\u00e7ais, Anglais"},"content":{"rendered":"<p>Patrons d&rsquo;amigurumis au crochet &#8211; Toad et Toadette Super Mario bros<\/p>\n<p>\/!\\ Ceci sont des fichiers pdf t\u00e9l\u00e9chargeables, et non des produits finis \/!\\. Vous pourrez les t\u00e9l\u00e9charger imm\u00e9diatement apr\u00e8s le paiement. R\u00e9f\u00e9rez vous aux d\u00e9tails de votre commande.<\/p>\n<p>Les patrons de Toad et Toadette sont des fichiers pdf de respectivement 10 et 13 pages avec beaucoup de photos et d&rsquo;astuces pour vous aider \u00e0 cr\u00e9er vos propres amigurumis pas \u00e0 pas. Il sont disponibles en fran\u00e7ais et en anglais (termes US).<\/p>\n<p>Crochet level : This pattern is perfect for beginners.<\/p>\n<p>The finished amigurumi should measure approximately 7 cm (2.8 in). I use a 2.5mm hook with Catona yarn from Scheepjes. This size may vary depending on the yarn and crochet you use.<\/p>\n<p>Vous aurez \u00e9galement besoin de ciseaux, d&rsquo;une aiguille \u00e0 tapisserie, d&rsquo;\u00e9pingles, de colle et de ouate de rembourrage.<\/p>\n<p>These patterns are for personal use only. It is strictly forbidden to resell, distribute, translate or copy these patterns.<\/p>\n<p>Please let me know if you have any questions about this pattern, or if you need any help.<\/p>","protected":false},"excerpt":{"rendered":"<p>Patrons d&rsquo;amigurumis au crochet &#8211; Toad et Toadette Super Mario bros<\/p>","protected":false},"featured_media":140,"comment_status":"open","ping_status":"closed","template":"","meta":[],"product_brand":[],"product_cat":[17,19,18],"product_tag":[],"class_list":{"0":"post-135","1":"product","2":"type-product","3":"status-publish","4":"has-post-thumbnail","6":"product_cat-patrons","7":"product_cat-patternmario","8":"product_cat-patternbundles","9":"entry","11":"first","12":"instock","13":"downloadable","14":"virtual","15":"sold-individually","16":"taxable","17":"purchasable","18":"product-type-simple"},"jetpack_sharing_enabled":true,"_links":{"self":[{"href":"https:\/\/azeliacrochet.com\/en\/wp-json\/wp\/v2\/product\/135","targetHints":{"allow":["GET"]}}],"collection":[{"href":"https:\/\/azeliacrochet.com\/en\/wp-json\/wp\/v2\/product"}],"about":[{"href":"https:\/\/azeliacrochet.com\/en\/wp-json\/wp\/v2\/types\/product"}],"replies":[{"embeddable":true,"href":"https:\/\/azeliacrochet.com\/en\/wp-json\/wp\/v2\/comments?post=135"}],"wp:featuredmedia":[{"embeddable":true,"href":"https:\/\/azeliacrochet.com\/en\/wp-json\/wp\/v2\/media\/140"}],"wp:attachment":[{"href":"https:\/\/azeliacrochet.com\/en\/wp-json\/wp\/v2\/media?parent=135"}],"wp:term":[{"taxonomy":"product_brand","embeddable":true,"href":"https:\/\/azeliacrochet.com\/en\/wp-json\/wp\/v2\/product_brand?post=135"},{"taxonomy":"product_cat","embeddable":true,"href":"https:\/\/azeliacrochet.com\/en\/wp-json\/wp\/v2\/product_cat?post=135"},{"taxonomy":"product_tag","embeddable":true,"href":"https:\/\/azeliacrochet.com\/en\/wp-json\/wp\/v2\/product_tag?post=135"}],"curies":[{"name":"wp","href":"https:\/\/api.w.org\/{rel}","templated":true}]}}